{"id":77,"date":"2023-04-12T15:56:04","date_gmt":"2023-04-12T13:56:04","guid":{"rendered":"https:\/\/observatoire.industriepapiercarton.fr\/xrpaperfab\/?page_id=77"},"modified":"2024-11-04T15:33:13","modified_gmt":"2024-11-04T14:33:13","slug":"le-projet","status":"publish","type":"page","link":"https:\/\/observatoire.industriepapiercarton.fr\/xrpaperfab\/le-projet\/","title":{"rendered":"Le projet"},"content":{"rendered":"<p>[et_pb_section fb_built=\u00a0\u00bb1&Prime; _builder_version=\u00a0\u00bb4.21.0&Prime; _module_preset=\u00a0\u00bbdefault\u00a0\u00bb background_image=\u00a0\u00bbhttps:\/\/observatoire.industriepapiercarton.fr\/xrpaperfab\/wp-content\/uploads\/2023\/04\/fond-pages-categories.png\u00a0\u00bb background_size=\u00a0\u00bbcontain\u00a0\u00bb background_position=\u00a0\u00bbtop_center\u00a0\u00bb da_disable_devices=\u00a0\u00bboff|off|off\u00a0\u00bb global_colors_info=\u00a0\u00bb{}\u00a0\u00bb da_is_popup=\u00a0\u00bboff\u00a0\u00bb da_exit_intent=\u00a0\u00bboff\u00a0\u00bb da_has_close=\u00a0\u00bbon\u00a0\u00bb da_alt_close=\u00a0\u00bboff\u00a0\u00bb da_dark_close=\u00a0\u00bboff\u00a0\u00bb da_not_modal=\u00a0\u00bbon\u00a0\u00bb da_is_singular=\u00a0\u00bboff\u00a0\u00bb da_with_loader=\u00a0\u00bboff\u00a0\u00bb da_has_shadow=\u00a0\u00bbon\u00a0\u00bb][et_pb_row _builder_version=\u00a0\u00bb4.21.0&Prime; _module_preset=\u00a0\u00bbdefault\u00a0\u00bb global_colors_info=\u00a0\u00bb{}\u00a0\u00bb][et_pb_column type=\u00a0\u00bb4_4&Prime; _builder_version=\u00a0\u00bb4.21.0&Prime; _module_preset=\u00a0\u00bbdefault\u00a0\u00bb global_colors_info=\u00a0\u00bb{}\u00a0\u00bb][et_pb_text _builder_version=\u00a0\u00bb4.21.0&Prime; _module_preset=\u00a0\u00bbdefault\u00a0\u00bb global_colors_info=\u00a0\u00bb{}\u00a0\u00bb]<\/p>\n<h1 style=\"text-align: center;\">Finalit\u00e9s du projet<\/h1>\n<p>[\/et_pb_text][et_pb_text _builder_version=\u00a0\u00bb4.21.0&Prime; _module_preset=\u00a0\u00bbdefault\u00a0\u00bb max_width=\u00a0\u00bb70%\u00a0\u00bb module_alignment=\u00a0\u00bbcenter\u00a0\u00bb global_colors_info=\u00a0\u00bb{}\u00a0\u00bb]<\/p>\n<p style=\"text-align: center;\"><span>Le projet XR PaperFab se fixe plusieurs objectifs pour am\u00e9liorer l&rsquo;efficacit\u00e9 des apprentissages en d\u00e9veloppant des m\u00e9thodes p\u00e9dagogiques innovantes, mieux adapt\u00e9es aux besoins des apprenants.<\/span><\/p>\n<p>[\/et_pb_text][\/et_pb_column][\/et_pb_row][\/et_pb_section][et_pb_section fb_built=\u00a0\u00bb1&Prime; _builder_version=\u00a0\u00bb4.21.0&Prime; _module_preset=\u00a0\u00bbdefault\u00a0\u00bb custom_padding=\u00a0\u00bb0px|||||\u00a0\u00bb da_disable_devices=\u00a0\u00bboff|off|off\u00a0\u00bb global_colors_info=\u00a0\u00bb{}\u00a0\u00bb da_is_popup=\u00a0\u00bboff\u00a0\u00bb da_exit_intent=\u00a0\u00bboff\u00a0\u00bb da_has_close=\u00a0\u00bbon\u00a0\u00bb da_alt_close=\u00a0\u00bboff\u00a0\u00bb da_dark_close=\u00a0\u00bboff\u00a0\u00bb da_not_modal=\u00a0\u00bbon\u00a0\u00bb da_is_singular=\u00a0\u00bboff\u00a0\u00bb da_with_loader=\u00a0\u00bboff\u00a0\u00bb da_has_shadow=\u00a0\u00bbon\u00a0\u00bb][et_pb_row column_structure=\u00a0\u00bb1_3,2_3&Prime; use_custom_gutter=\u00a0\u00bbon\u00a0\u00bb gutter_width=\u00a0\u00bb2&Prime; make_equal=\u00a0\u00bbon\u00a0\u00bb _builder_version=\u00a0\u00bb4.21.0&Prime; _module_preset=\u00a0\u00bbdefault\u00a0\u00bb custom_margin=\u00a0\u00bb||||true|false\u00a0\u00bb custom_padding=\u00a0\u00bb50px||50px||true|false\u00a0\u00bb global_colors_info=\u00a0\u00bb{}\u00a0\u00bb][et_pb_column type=\u00a0\u00bb1_3&Prime; _builder_version=\u00a0\u00bb4.21.0&Prime; _module_preset=\u00a0\u00bbdefault\u00a0\u00bb global_colors_info=\u00a0\u00bb{}\u00a0\u00bb][et_pb_image src=\u00a0\u00bbhttps:\/\/observatoire.industriepapiercarton.fr\/xrpaperfab\/wp-content\/uploads\/2023\/06\/kvalifik-5Q07sS54D0Q-unsplash-scaled.jpg\u00a0\u00bb title_text=\u00a0\u00bbkvalifik-5Q07sS54D0Q-unsplash\u00a0\u00bb _builder_version=\u00a0\u00bb4.21.0&Prime; _module_preset=\u00a0\u00bbdefault\u00a0\u00bb border_radii=\u00a0\u00bbon|6px|6px|6px|6px\u00a0\u00bb global_colors_info=\u00a0\u00bb{}\u00a0\u00bb][\/et_pb_image][\/et_pb_column][et_pb_column type=\u00a0\u00bb2_3&Prime; _builder_version=\u00a0\u00bb4.21.0&Prime; _module_preset=\u00a0\u00bbdefault\u00a0\u00bb custom_css_main_element=\u00a0\u00bb  display: flex;||  flex-direction: column;||  justify-content: center;||||\/* Et les d\u00e9clinaisons avec pr\u00e9fixes pour obtenir un r\u00e9sultat homog\u00e8ne sur les divers navigateurs  *\/||  display: -webkit-box;||  display: -webkit-flex;||  display: -moz-box;||  display: -ms-flexbox;||  -webkit-box-orient: vertical;||  -webkit-box-direction: normal;||  -webkit-flex-direction: column;||     -moz-box-orient: vertical;||     -moz-box-direction: normal;||      -ms-flex-direction: column;||  -webkit-box-pack: center;||  -webkit-justify-content: center;||     -moz-box-pack: center;||      -ms-flex-pack: center;\u00a0\u00bb global_colors_info=\u00a0\u00bb{}\u00a0\u00bb][et_pb_text _builder_version=\u00a0\u00bb4.21.0&Prime; _module_preset=\u00a0\u00bbdefault\u00a0\u00bb header_3_font_size=\u00a0\u00bb18px\u00a0\u00bb hover_enabled=\u00a0\u00bb0&Prime; global_colors_info=\u00a0\u00bb{}\u00a0\u00bb sticky_enabled=\u00a0\u00bb0&Prime;]<\/p>\n<h4><span>Optimiser la valeur ajout\u00e9e du formateur gr\u00e2ce au digital<\/span><\/h4>\n<p><span>L&rsquo;int\u00e9gration d&rsquo;outils num\u00e9riques et immersifs permet aux formateurs (rices) de varier les s\u00e9quences p\u00e9dagogiques et d\u2019augmenter les possibilit\u00e9s pour personnaliser la formation. Ainsi, le digital doit contribuer \u00e0 am\u00e9liorer l&rsquo;efficacit\u00e9 de l\u2019ing\u00e9nierie p\u00e9dagogique par les formateurs. Ils peuvent suivre les progr\u00e8s des apprenants en temps r\u00e9el et adapter les contenus p\u00e9dagogiques en cons\u00e9quence. En d\u00e9l\u00e9guant certaines t\u00e2ches r\u00e9p\u00e9titives aux technologies, les formateurs peuvent se concentrer davantage sur l\u2019accompagnement de chaque apprenant, cr\u00e9ant ainsi une exp\u00e9rience d&rsquo;apprentissage plus engageante et adapt\u00e9e aux besoins de chaque apprenant.<\/span><\/p>\n<p>[\/et_pb_text][\/et_pb_column][\/et_pb_row][et_pb_row column_structure=\u00a0\u00bb2_3,1_3&Prime; use_custom_gutter=\u00a0\u00bbon\u00a0\u00bb gutter_width=\u00a0\u00bb2&Prime; make_equal=\u00a0\u00bbon\u00a0\u00bb disabled_on=\u00a0\u00bbon|on|off\u00a0\u00bb _builder_version=\u00a0\u00bb4.21.0&Prime; _module_preset=\u00a0\u00bbdefault\u00a0\u00bb custom_padding=\u00a0\u00bb50px||50px||true|false\u00a0\u00bb global_colors_info=\u00a0\u00bb{}\u00a0\u00bb][et_pb_column type=\u00a0\u00bb2_3&Prime; _builder_version=\u00a0\u00bb4.21.0&Prime; _module_preset=\u00a0\u00bbdefault\u00a0\u00bb custom_css_main_element=\u00a0\u00bb  display: flex;||  flex-direction: column;||  justify-content: center;||||\/* Et les d\u00e9clinaisons avec pr\u00e9fixes pour obtenir un r\u00e9sultat homog\u00e8ne sur les divers navigateurs  *\/||  display: -webkit-box;||  display: -webkit-flex;||  display: -moz-box;||  display: -ms-flexbox;||  -webkit-box-orient: vertical;||  -webkit-box-direction: normal;||  -webkit-flex-direction: column;||     -moz-box-orient: vertical;||     -moz-box-direction: normal;||      -ms-flex-direction: column;||  -webkit-box-pack: center;||  -webkit-justify-content: center;||     -moz-box-pack: center;||      -ms-flex-pack: center;\u00a0\u00bb global_colors_info=\u00a0\u00bb{}\u00a0\u00bb][et_pb_text _builder_version=\u00a0\u00bb4.21.0&Prime; _module_preset=\u00a0\u00bbdefault\u00a0\u00bb header_3_font_size=\u00a0\u00bb18px\u00a0\u00bb custom_padding=\u00a0\u00bb||0px|||\u00a0\u00bb hover_enabled=\u00a0\u00bb0&Prime; global_colors_info=\u00a0\u00bb{}\u00a0\u00bb sticky_enabled=\u00a0\u00bb0&Prime;]<\/p>\n<h4><span>R\u00e9pondre \u00e0 l\u2019\u00e9volution des besoins des publics et des entreprises<\/span><\/h4>\n<p><span>Les attentes des nouvelles g\u00e9n\u00e9rations et des entreprises \u00e9voluent rapidement. La formation est un excellent vecteur de transformation des m\u00e9tiers induite par les technologies digitales. Le projet XRPaperFab permet aux formateurs (rices) de proposer des formations plus flexibles, interactives et adapt\u00e9es aux diff\u00e9rents niveaux de comp\u00e9tences. En int\u00e9grant des outils num\u00e9riques et des exp\u00e9riences immersives, l&rsquo;Industrie Papier Carton r\u00e9pond \u00e0 la demande d&rsquo;une formation moderne et efficace, que ce soit en pr\u00e9sentiel ou \u00e0 distance pour les apprentis, les salari\u00e9s ou les demandeurs d\u2019emploi qui int\u00e8grent la fili\u00e8re.<\/span><\/p>\n<p>[\/et_pb_text][\/et_pb_column][et_pb_column type=\u00a0\u00bb1_3&Prime; _builder_version=\u00a0\u00bb4.21.0&Prime; _module_preset=\u00a0\u00bbdefault\u00a0\u00bb global_colors_info=\u00a0\u00bb{}\u00a0\u00bb][et_pb_image src=\u00a0\u00bbhttps:\/\/observatoire.industriepapiercarton.fr\/xrpaperfab\/wp-content\/uploads\/2023\/06\/thisisengineering-raeng-h6gCRTCxM7o-unsplash-scaled.jpg\u00a0\u00bb title_text=\u00a0\u00bbthisisengineering-raeng-h6gCRTCxM7o-unsplash\u00a0\u00bb _builder_version=\u00a0\u00bb4.21.0&Prime; _module_preset=\u00a0\u00bbdefault\u00a0\u00bb border_radii=\u00a0\u00bbon|6px|6px|6px|6px\u00a0\u00bb global_colors_info=\u00a0\u00bb{}\u00a0\u00bb][\/et_pb_image][\/et_pb_column][\/et_pb_row][et_pb_row column_structure=\u00a0\u00bb1_3,2_3&Prime; use_custom_gutter=\u00a0\u00bbon\u00a0\u00bb gutter_width=\u00a0\u00bb2&Prime; make_equal=\u00a0\u00bbon\u00a0\u00bb disabled_on=\u00a0\u00bboff|off|on\u00a0\u00bb _builder_version=\u00a0\u00bb4.21.0&Prime; _module_preset=\u00a0\u00bbdefault\u00a0\u00bb custom_padding=\u00a0\u00bb50px||50px||true|false\u00a0\u00bb global_colors_info=\u00a0\u00bb{}\u00a0\u00bb][et_pb_column type=\u00a0\u00bb1_3&Prime; _builder_version=\u00a0\u00bb4.21.0&Prime; _module_preset=\u00a0\u00bbdefault\u00a0\u00bb global_colors_info=\u00a0\u00bb{}\u00a0\u00bb][et_pb_image src=\u00a0\u00bbhttps:\/\/observatoire.industriepapiercarton.fr\/xrpaperfab\/wp-content\/uploads\/2023\/06\/thisisengineering-raeng-h6gCRTCxM7o-unsplash-scaled.jpg\u00a0\u00bb title_text=\u00a0\u00bbthisisengineering-raeng-h6gCRTCxM7o-unsplash\u00a0\u00bb _builder_version=\u00a0\u00bb4.21.0&Prime; _module_preset=\u00a0\u00bbdefault\u00a0\u00bb border_radii=\u00a0\u00bbon|6px|6px|6px|6px\u00a0\u00bb global_colors_info=\u00a0\u00bb{}\u00a0\u00bb][\/et_pb_image][\/et_pb_column][et_pb_column type=\u00a0\u00bb2_3&Prime; _builder_version=\u00a0\u00bb4.21.0&Prime; _module_preset=\u00a0\u00bbdefault\u00a0\u00bb custom_css_main_element=\u00a0\u00bb  display: flex;||  flex-direction: column;||  justify-content: center;||||\/* Et les d\u00e9clinaisons avec pr\u00e9fixes pour obtenir un r\u00e9sultat homog\u00e8ne sur les divers navigateurs  *\/||  display: -webkit-box;||  display: -webkit-flex;||  display: -moz-box;||  display: -ms-flexbox;||  -webkit-box-orient: vertical;||  -webkit-box-direction: normal;||  -webkit-flex-direction: column;||     -moz-box-orient: vertical;||     -moz-box-direction: normal;||      -ms-flex-direction: column;||  -webkit-box-pack: center;||  -webkit-justify-content: center;||     -moz-box-pack: center;||      -ms-flex-pack: center;\u00a0\u00bb global_colors_info=\u00a0\u00bb{}\u00a0\u00bb][et_pb_text _builder_version=\u00a0\u00bb4.21.0&Prime; _module_preset=\u00a0\u00bbdefault\u00a0\u00bb header_3_font_size=\u00a0\u00bb18px\u00a0\u00bb custom_padding=\u00a0\u00bb||0px|||\u00a0\u00bb global_colors_info=\u00a0\u00bb{}\u00a0\u00bb]<\/p>\n<h4><span>Engager les diff\u00e9rents publics, formateurs et apprenants, de fa\u00e7on personnalis\u00e9e, en formation initiale et continue<\/span><\/h4>\n<p><span>Le projet se concentre \u00e9galement sur l&rsquo;accompagnement personnalis\u00e9 des apprenants, qu&rsquo;ils soient en formation initiale ou continue. Les formateurs seront ainsi encourag\u00e9s \u00e0 cr\u00e9er un environnement d&rsquo;apprentissage interactif et personnalis\u00e9 pour chaque apprenant, adapt\u00e9 \u00e0 ses besoins et \u00e0 son rythme d&rsquo;apprentissage.<\/span><\/p>\n<p>[\/et_pb_text][\/et_pb_column][\/et_pb_row][et_pb_row column_structure=\u00a0\u00bb1_3,2_3&Prime; use_custom_gutter=\u00a0\u00bbon\u00a0\u00bb gutter_width=\u00a0\u00bb2&Prime; make_equal=\u00a0\u00bbon\u00a0\u00bb _builder_version=\u00a0\u00bb4.21.0&Prime; _module_preset=\u00a0\u00bbdefault\u00a0\u00bb custom_padding=\u00a0\u00bb50px||50px||true|false\u00a0\u00bb global_colors_info=\u00a0\u00bb{}\u00a0\u00bb][et_pb_column type=\u00a0\u00bb1_3&Prime; _builder_version=\u00a0\u00bb4.21.0&Prime; _module_preset=\u00a0\u00bbdefault\u00a0\u00bb global_colors_info=\u00a0\u00bb{}\u00a0\u00bb][et_pb_image src=\u00a0\u00bbhttps:\/\/observatoire.industriepapiercarton.fr\/xrpaperfab\/wp-content\/uploads\/2023\/06\/bench-accounting-MGaFENpDCsw-unsplash-scaled.jpg\u00a0\u00bb title_text=\u00a0\u00bbbench-accounting-MGaFENpDCsw-unsplash\u00a0\u00bb _builder_version=\u00a0\u00bb4.21.0&Prime; _module_preset=\u00a0\u00bbdefault\u00a0\u00bb border_radii=\u00a0\u00bbon|6px|6px|6px|6px\u00a0\u00bb global_colors_info=\u00a0\u00bb{}\u00a0\u00bb][\/et_pb_image][\/et_pb_column][et_pb_column type=\u00a0\u00bb2_3&Prime; _builder_version=\u00a0\u00bb4.21.0&Prime; _module_preset=\u00a0\u00bbdefault\u00a0\u00bb custom_css_main_element=\u00a0\u00bb  display: flex;||  flex-direction: column;||  justify-content: center;||||\/* Et les d\u00e9clinaisons avec pr\u00e9fixes pour obtenir un r\u00e9sultat homog\u00e8ne sur les divers navigateurs  *\/||  display: -webkit-box;||  display: -webkit-flex;||  display: -moz-box;||  display: -ms-flexbox;||  -webkit-box-orient: vertical;||  -webkit-box-direction: normal;||  -webkit-flex-direction: column;||     -moz-box-orient: vertical;||     -moz-box-direction: normal;||      -ms-flex-direction: column;||  -webkit-box-pack: center;||  -webkit-justify-content: center;||     -moz-box-pack: center;||      -ms-flex-pack: center;\u00a0\u00bb global_colors_info=\u00a0\u00bb{}\u00a0\u00bb][et_pb_text _builder_version=\u00a0\u00bb4.21.0&Prime; _module_preset=\u00a0\u00bbdefault\u00a0\u00bb header_3_font_size=\u00a0\u00bb18px\u00a0\u00bb hover_enabled=\u00a0\u00bb0&Prime; global_colors_info=\u00a0\u00bb{}\u00a0\u00bb sticky_enabled=\u00a0\u00bb0&Prime;]<\/p>\n<h4><span>Contribuer \u00e0 am\u00e9liorer l\u2019attractivit\u00e9 de la fili\u00e8re<\/span><\/h4>\n<p><span>Les technologies digitales, telles que les LCMS, ou immersives, telles que la r\u00e9alit\u00e9 virtuelle, positionnent la fili\u00e8re comme innovante et en phase avec les tendances actuelles. En offrant des formations utilisant ces outils, la fili\u00e8re se modernise et rend plus attractive pour les jeunes en qu\u00eate de m\u00e9tiers techniques.<\/span>[\/et_pb_text][\/et_pb_column][\/et_pb_row][\/et_pb_section][et_pb_section fb_built=\u00a0\u00bb1&Prime; _builder_version=\u00a0\u00bb4.21.0&Prime; _module_preset=\u00a0\u00bbdefault\u00a0\u00bb background_color=\u00a0\u00bb#d7eeed\u00a0\u00bb da_disable_devices=\u00a0\u00bboff|off|off\u00a0\u00bb global_colors_info=\u00a0\u00bb{}\u00a0\u00bb da_is_popup=\u00a0\u00bboff\u00a0\u00bb da_exit_intent=\u00a0\u00bboff\u00a0\u00bb da_has_close=\u00a0\u00bbon\u00a0\u00bb da_alt_close=\u00a0\u00bboff\u00a0\u00bb da_dark_close=\u00a0\u00bboff\u00a0\u00bb da_not_modal=\u00a0\u00bbon\u00a0\u00bb da_is_singular=\u00a0\u00bboff\u00a0\u00bb da_with_loader=\u00a0\u00bboff\u00a0\u00bb da_has_shadow=\u00a0\u00bbon\u00a0\u00bb][et_pb_row _builder_version=\u00a0\u00bb4.21.0&Prime; _module_preset=\u00a0\u00bbdefault\u00a0\u00bb global_colors_info=\u00a0\u00bb{}\u00a0\u00bb][et_pb_column type=\u00a0\u00bb4_4&Prime; _builder_version=\u00a0\u00bb4.21.0&Prime; _module_preset=\u00a0\u00bbdefault\u00a0\u00bb global_colors_info=\u00a0\u00bb{}\u00a0\u00bb][et_pb_text _builder_version=\u00a0\u00bb4.21.0&Prime; _module_preset=\u00a0\u00bbdefault\u00a0\u00bb global_colors_info=\u00a0\u00bb{}\u00a0\u00bb]<\/p>\n<h2 style=\"text-align: center;\">Les grandes orientations du projet<\/h2>\n<p>[\/et_pb_text][et_pb_text _builder_version=\u00a0\u00bb4.21.0&Prime; _module_preset=\u00a0\u00bbdefault\u00a0\u00bb global_colors_info=\u00a0\u00bb{}\u00a0\u00bb]<\/p>\n<p style=\"text-align: center;\"><span>Trois orientations ont \u00e9t\u00e9 engag\u00e9es avec les partenaires du projet :<\/span><\/p>\n<p>[\/et_pb_text][\/et_pb_column][\/et_pb_row][et_pb_row column_structure=\u00a0\u00bb1_3,1_3,1_3&Prime; _builder_version=\u00a0\u00bb4.21.0&Prime; _module_preset=\u00a0\u00bbdefault\u00a0\u00bb global_colors_info=\u00a0\u00bb{}\u00a0\u00bb][et_pb_column type=\u00a0\u00bb1_3&Prime; _builder_version=\u00a0\u00bb4.21.0&Prime; _module_preset=\u00a0\u00bbdefault\u00a0\u00bb global_colors_info=\u00a0\u00bb{}\u00a0\u00bb][et_pb_image src=\u00a0\u00bbhttps:\/\/observatoire.industriepapiercarton.fr\/xrpaperfab\/wp-content\/uploads\/2023\/08\/point_1.png\u00a0\u00bb title_text=\u00a0\u00bbpoint_1&Prime; _builder_version=\u00a0\u00bb4.21.0&Prime; _module_preset=\u00a0\u00bbdefault\u00a0\u00bb width=\u00a0\u00bb20%\u00a0\u00bb max_width=\u00a0\u00bb20%\u00a0\u00bb module_alignment=\u00a0\u00bbcenter\u00a0\u00bb global_colors_info=\u00a0\u00bb{}\u00a0\u00bb][\/et_pb_image][et_pb_text _builder_version=\u00a0\u00bb4.21.0&Prime; _module_preset=\u00a0\u00bbdefault\u00a0\u00bb global_colors_info=\u00a0\u00bb{}\u00a0\u00bb]<\/p>\n<p style=\"text-align: center;\"><span>\u00c9tablir une strat\u00e9gie convergente de d\u00e9veloppement des comp\u00e9tences en digital learning dans les OF et CFA<\/span><\/p>\n<p>[\/et_pb_text][\/et_pb_column][et_pb_column type=\u00a0\u00bb1_3&Prime; _builder_version=\u00a0\u00bb4.21.0&Prime; _module_preset=\u00a0\u00bbdefault\u00a0\u00bb global_colors_info=\u00a0\u00bb{}\u00a0\u00bb][et_pb_image src=\u00a0\u00bbhttps:\/\/observatoire.industriepapiercarton.fr\/xrpaperfab\/wp-content\/uploads\/2023\/08\/point_2.png\u00a0\u00bb title_text=\u00a0\u00bbpoint_2&Prime; _builder_version=\u00a0\u00bb4.21.0&Prime; _module_preset=\u00a0\u00bbdefault\u00a0\u00bb width=\u00a0\u00bb20%\u00a0\u00bb max_width=\u00a0\u00bb20%\u00a0\u00bb module_alignment=\u00a0\u00bbcenter\u00a0\u00bb global_colors_info=\u00a0\u00bb{}\u00a0\u00bb][\/et_pb_image][et_pb_text _builder_version=\u00a0\u00bb4.21.0&Prime; _module_preset=\u00a0\u00bbdefault\u00a0\u00bb global_colors_info=\u00a0\u00bb{}\u00a0\u00bb]<\/p>\n<p style=\"text-align: center;\"><span>Mettre \u00e0 disposition des formateurs un environnement de formation digitale facile d\u2019acc\u00e8s et d\u00e9di\u00e9 aux mises en pratiques professionnelles<\/span><\/p>\n<p>[\/et_pb_text][\/et_pb_column][et_pb_column type=\u00a0\u00bb1_3&Prime; _builder_version=\u00a0\u00bb4.21.0&Prime; _module_preset=\u00a0\u00bbdefault\u00a0\u00bb global_colors_info=\u00a0\u00bb{}\u00a0\u00bb][et_pb_image src=\u00a0\u00bbhttps:\/\/observatoire.industriepapiercarton.fr\/xrpaperfab\/wp-content\/uploads\/2023\/08\/point_3.png\u00a0\u00bb title_text=\u00a0\u00bbpoint_3&Prime; _builder_version=\u00a0\u00bb4.21.0&Prime; _module_preset=\u00a0\u00bbdefault\u00a0\u00bb width=\u00a0\u00bb20%\u00a0\u00bb max_width=\u00a0\u00bb20%\u00a0\u00bb module_alignment=\u00a0\u00bbcenter\u00a0\u00bb global_colors_info=\u00a0\u00bb{}\u00a0\u00bb][\/et_pb_image][et_pb_text _builder_version=\u00a0\u00bb4.21.0&Prime; _module_preset=\u00a0\u00bbdefault\u00a0\u00bb global_colors_info=\u00a0\u00bb{}\u00a0\u00bb]<\/p>\n<p style=\"text-align: center;\"><span>La cr\u00e9ation de parcours de formation hybrides, personnalis\u00e9s et mutualisables<\/span><\/p>\n<p>[\/et_pb_text][\/et_pb_column][\/et_pb_row][\/et_pb_section][et_pb_section fb_built=\u00a0\u00bb1&Prime; _builder_version=\u00a0\u00bb4.21.0&Prime; _module_preset=\u00a0\u00bbdefault\u00a0\u00bb da_disable_devices=\u00a0\u00bboff|off|off\u00a0\u00bb global_colors_info=\u00a0\u00bb{}\u00a0\u00bb da_is_popup=\u00a0\u00bboff\u00a0\u00bb da_exit_intent=\u00a0\u00bboff\u00a0\u00bb da_has_close=\u00a0\u00bbon\u00a0\u00bb da_alt_close=\u00a0\u00bboff\u00a0\u00bb da_dark_close=\u00a0\u00bboff\u00a0\u00bb da_not_modal=\u00a0\u00bbon\u00a0\u00bb da_is_singular=\u00a0\u00bboff\u00a0\u00bb da_with_loader=\u00a0\u00bboff\u00a0\u00bb da_has_shadow=\u00a0\u00bbon\u00a0\u00bb][et_pb_row _builder_version=\u00a0\u00bb4.21.0&Prime; _module_preset=\u00a0\u00bbdefault\u00a0\u00bb global_colors_info=\u00a0\u00bb{}\u00a0\u00bb][et_pb_column type=\u00a0\u00bb4_4&Prime; _builder_version=\u00a0\u00bb4.21.0&Prime; _module_preset=\u00a0\u00bbdefault\u00a0\u00bb global_colors_info=\u00a0\u00bb{}\u00a0\u00bb][et_pb_text _builder_version=\u00a0\u00bb4.21.0&Prime; _module_preset=\u00a0\u00bbdefault\u00a0\u00bb global_colors_info=\u00a0\u00bb{}\u00a0\u00bb]<\/p>\n<h2 style=\"text-align: center;\"><span>Les partenaires<\/span><\/h2>\n<p>[\/et_pb_text][et_pb_text _builder_version=\u00a0\u00bb4.21.0&Prime; _module_preset=\u00a0\u00bbdefault\u00a0\u00bb custom_margin=\u00a0\u00bb||70px|||\u00a0\u00bb global_colors_info=\u00a0\u00bb{}\u00a0\u00bb]<\/p>\n<p style=\"text-align: center;\"><span>Le projet est n\u00e9 d\u2019un consortium de partenaires f\u00e9d\u00e9r\u00e9s autour de valeurs communes de l&rsquo;AFIFOR (confiance, engagement, respect, collaboration, agilit\u00e9). Les membres du consortium se sont mis d\u2019accord sur les finalit\u00e9s du projet en mutualisant les ressources et avec un souci de p\u00e9rennisation au-del\u00e0 du projet (fin 2025).<\/span><\/p>\n<p>[\/et_pb_text][et_pb_button button_url=\u00a0\u00bbhttps:\/\/observatoire.industriepapiercarton.fr\/xrpaperfab\/category\/partenariats\/\u00a0\u00bb button_text=\u00a0\u00bbVoir les partenaires\u00a0\u00bb button_alignment=\u00a0\u00bbcenter\u00a0\u00bb _builder_version=\u00a0\u00bb4.21.0&Prime; _module_preset=\u00a0\u00bbdefault\u00a0\u00bb custom_button=\u00a0\u00bbon\u00a0\u00bb button_text_size=\u00a0\u00bb20px\u00a0\u00bb custom_margin=\u00a0\u00bb-10px||||false|false\u00a0\u00bb global_colors_info=\u00a0\u00bb{}\u00a0\u00bb][\/et_pb_button][\/et_pb_column][\/et_pb_row][\/et_pb_section]<\/p>\n","protected":false},"excerpt":{"rendered":"<p>Finalit\u00e9s du projetLe projet XR PaperFab se fixe plusieurs objectifs pour am\u00e9liorer l&rsquo;efficacit\u00e9 des apprentissages en d\u00e9veloppant des m\u00e9thodes p\u00e9dagogiques innovantes, mieux adapt\u00e9es aux besoins des apprenants.Optimiser la valeur ajout\u00e9e du formateur gr\u00e2ce au digital L&rsquo;int\u00e9gration d&rsquo;outils num\u00e9riques et immersifs permet aux formateurs (rices) de varier les s\u00e9quences p\u00e9dagogiques et d\u2019augmenter les possibilit\u00e9s pour personnaliser [&hellip;]<\/p>\n","protected":false},"author":1,"featured_media":386,"parent":0,"menu_order":0,"comment_status":"closed","ping_status":"closed","template":"","meta":{"_acf_changed":false,"_et_pb_use_builder":"on","_et_pb_old_content":"","_et_gb_content_width":"","footnotes":""},"class_list":["post-77","page","type-page","status-publish","has-post-thumbnail","hentry"],"acf":[],"_links":{"self":[{"href":"https:\/\/observatoire.industriepapiercarton.fr\/xrpaperfab\/wp-json\/wp\/v2\/pages\/77","targetHints":{"allow":["GET"]}}],"collection":[{"href":"https:\/\/observatoire.industriepapiercarton.fr\/xrpaperfab\/wp-json\/wp\/v2\/pages"}],"about":[{"href":"https:\/\/observatoire.industriepapiercarton.fr\/xrpaperfab\/wp-json\/wp\/v2\/types\/page"}],"author":[{"embeddable":true,"href":"https:\/\/observatoire.industriepapiercarton.fr\/xrpaperfab\/wp-json\/wp\/v2\/users\/1"}],"replies":[{"embeddable":true,"href":"https:\/\/observatoire.industriepapiercarton.fr\/xrpaperfab\/wp-json\/wp\/v2\/comments?post=77"}],"version-history":[{"count":63,"href":"https:\/\/observatoire.industriepapiercarton.fr\/xrpaperfab\/wp-json\/wp\/v2\/pages\/77\/revisions"}],"predecessor-version":[{"id":1230,"href":"https:\/\/observatoire.industriepapiercarton.fr\/xrpaperfab\/wp-json\/wp\/v2\/pages\/77\/revisions\/1230"}],"wp:featuredmedia":[{"embeddable":true,"href":"https:\/\/observatoire.industriepapiercarton.fr\/xrpaperfab\/wp-json\/wp\/v2\/media\/386"}],"wp:attachment":[{"href":"https:\/\/observatoire.industriepapiercarton.fr\/xrpaperfab\/wp-json\/wp\/v2\/media?parent=77"}],"curies":[{"name":"wp","href":"https:\/\/api.w.org\/{rel}","templated":true}]}}